{"id":48,"date":"2014-11-20T07:57:03","date_gmt":"2014-11-20T07:57:03","guid":{"rendered":"http:\/\/themes.muffingroup.com\/be\/language\/?page_id=2"},"modified":"2022-08-12T02:02:07","modified_gmt":"2022-08-12T05:02:07","slug":"home","status":"publish","type":"page","link":"http:\/\/agenciafan.com.ar\/2016\/","title":{"rendered":"Home"},"content":{"rendered":"<p>[vc_row full_width=\u00bbstretch_row\u00bb parallax=\u00bbcontent-moving-fade\u00bb parallax_image=\u00bb705&#8243; parallax_speed_bg=\u00bb1.6&#8243; el_id=\u00bbx\u00bb][vc_column width=\u00bb1\/2&#8243;][vc_empty_space height=\u00bb128px\u00bb][vc_column_text css_animation=\u00bbtop-to-bottom\u00bb]<\/p>\n<h2><span style=\"color: #333333;\">Nuestras Creencias nos define.<\/span><\/h2>\n<h4><span style=\"color: #333333;\">\u00a0<\/span><\/h4>\n<h4><span style=\"color: #333333;\">Actuamos en consecuencia, creemos en la tecnolog\u00eda y como nos conectan en modos inconmensurables, Somos fan\u00e1ticos de esa conexi\u00f3n que existe entre nosotros, el comercio electr\u00f3nico, el p\u00fablico y sus marcas.<\/span><\/h4>\n<h4><span style=\"color: #333333;\"> Comprendemos, creamos y fortalecemos la sinergia que existe entre tecnolog\u00eda, comunicaci\u00f3n y marketing, para generar marcas exitosas que deseen vincularse o mejorar sus v\u00ednculos con redes sociales, comercio electr\u00f3nico y la incidencia que tienen las mismas sobre el p\u00fablico.<\/span><\/h4>\n<h4><span style=\"color: #333333;\">Sabemos con certeza que el cambio es necesario e inevitable, Nuestros dispositivos m\u00f3viles se han convertido en una imprescindible para nuestra cotidianidad, es pr\u00e1cticamente imposible desvincularnos de los mismos.<\/span><\/h4>\n<h4><span style=\"color: #333333;\">Si comprendes la importancia de la publicidad en redes y el comercio digital, como influye en nuestras vidas, sabes el camino a transitar, estamos aqu\u00ed para acompa\u00f1arte en ese viaje. Y eso nos define como tu compa\u00f1ero en comunicaciones y estrategias, entendemos, queremos y creamos lo que necesites para lograr el \u00e9xito.<\/span><\/h4>\n<p>[\/vc_column_text][\/vc_column][vc_column width=\u00bb1\/2&#8243;][vc_single_image image=\u00bb738&#8243; img_size=\u00bb452X800&#8243; css_animation=\u00bbtop-to-bottom\u00bb][\/vc_column][\/vc_row][vc_row full_width=\u00bbstretch_row\u00bb css=\u00bb.vc_custom_1660275395636{background-color: #efeeea !important;}\u00bb el_id=\u00bbHacemos\u00bb][vc_column][vc_empty_space height=\u00bb128px\u00bb][vc_column_text css_animation=\u00bbtop-to-bottom\u00bb]<\/p>\n<div class=\"wrap mcb-wrap one valign-top clearfix\">\n<div class=\"mcb-wrap-inner\">\n<div class=\"column mcb-column one-fourth column_column column-margin-\">\n<h2 class=\"column_attr clearfix animate fadeIn\" data-anim-type=\"fadeIn\">Hacemos<\/h2>\n<\/div>\n<\/div>\n<\/div>\n<p>[\/vc_column_text][\/vc_column][\/vc_row][vc_row full_width=\u00bbstretch_row\u00bb css=\u00bb.vc_custom_1660276698126{background-color: #efeeea !important;}\u00bb][vc_column][vc_empty_space][\/vc_column][\/vc_row][vc_row full_width=\u00bbstretch_row\u00bb css=\u00bb.vc_custom_1586748470213{background-color: #efeeea !important;}\u00bb][vc_column width=\u00bb1\/4&#8243;]<div class=\"pricing-box  pricing-box-table\"><div class=\"plan-header\"><div class=\"image\"><img loading=\"lazy\" decoding=\"async\" src=\"http:\/\/agenciafan.com.ar\/2016\/wp-content\/uploads\/2014\/11\/IMAGEN_.png\" alt=\"\" width=\"80\" height=\"80\"\/><\/div><h2><\/p>\n<h5>Imagen de Marca<\/h5>\n<p><\/h2><\/div><div class=\"plan-footer\"><a href=\"http:\/\/agenciafan.com.ar\/2016\/hacemos\/#im\" class=\"button button_theme button_js \" ><span class=\"button_label\">Conocer m\u00e1s<\/span><\/a><\/div><\/div>\n<div class=\"icon_box icon_position_top no_border\"><div class=\"icon_wrapper\"><div class=\"icon\"><i class=\"icon-github\"><\/i><\/div><\/div><div class=\"desc_wrapper\"><\/div><\/div>\n[\/vc_column][vc_column width=\u00bb1\/4&#8243;]<div class=\"pricing-box  pricing-box-table\"><div class=\"plan-header\"><div class=\"image\"><img loading=\"lazy\" decoding=\"async\" src=\"http:\/\/agenciafan.com.ar\/2016\/wp-content\/uploads\/2014\/11\/social-media.png\" alt=\"\" width=\"80\" height=\"80\"\/><\/div><h2><\/p>\n<h5>Social Media<\/h5>\n<p><\/h2><\/div><div class=\"plan-footer\"><a href=\"http:\/\/agenciafan.com.ar\/2016\/hacemos\/#csm\" class=\"button button_theme button_js \" ><span class=\"button_label\">Conocer m\u00e1s<\/span><\/a><\/div><\/div>\n[\/vc_column][vc_column width=\u00bb1\/4&#8243;]<div class=\"pricing-box  pricing-box-table\"><div class=\"plan-header\"><div class=\"image\"><img loading=\"lazy\" decoding=\"async\" src=\"http:\/\/agenciafan.com.ar\/2016\/wp-content\/uploads\/2014\/11\/marketing.png\" alt=\"\" width=\"80\" height=\"80\"\/><\/div><h2><\/p>\n<h5>Marketing Digital<\/h5>\n<p><\/h2><\/div><div class=\"plan-footer\"><a href=\"http:\/\/agenciafan.com.ar\/2016\/hacemos\/#mkd\" class=\"button button_theme button_js \" ><span class=\"button_label\">Conocer m\u00e1s<\/span><\/a><\/div><\/div>\n[\/vc_column][vc_column width=\u00bb1\/4&#8243;]<div class=\"pricing-box  pricing-box-table\"><div class=\"plan-header\"><div class=\"image\"><img loading=\"lazy\" decoding=\"async\" src=\"http:\/\/agenciafan.com.ar\/2016\/wp-content\/uploads\/2014\/11\/tiendas-online.png\" alt=\"\" width=\"80\" height=\"80\"\/><\/div><h2><\/p>\n<h5>Tienda Online<\/h5>\n<p><\/h2><\/div><div class=\"plan-footer\"><a href=\"http:\/\/agenciafan.com.ar\/2016\/hacemos\/#to\" class=\"button button_theme button_js \" ><span class=\"button_label\">Conocer m\u00e1s<\/span><\/a><\/div><\/div>\n[\/vc_column][\/vc_row][vc_row full_width=\u00bbstretch_row\u00bb css=\u00bb.vc_custom_1586748494931{background-color: #efeeea !important;}\u00bb][vc_column][vc_empty_space height=\u00bb100&#8243;][\/vc_column][\/vc_row][vc_row full_width=\u00bbstretch_row\u00bb css=\u00bb.vc_custom_1660274757823{background-color: #c94a37 !important;}\u00bb el_id=\u00bbPortfolio\u00bb][vc_column][vc_empty_space height=\u00bb120&#8243;][\/vc_column][\/vc_row][vc_row full_width=\u00bbstretch_row\u00bb css=\u00bb.vc_custom_1660275335525{background-color: #c94a37 !important;}\u00bb][vc_column width=\u00bb1\/3&#8243;][vc_column_text css_animation=\u00bbtop-to-bottom\u00bb]<\/p>\n<div class=\"wrap mcb-wrap one valign-top clearfix\">\n<div class=\"mcb-wrap-inner\">\n<div class=\"column mcb-column one-fourth column_column column-margin-\">\n<h2><span style=\"color: #ffffff;\">Portfolio<\/span><\/h2>\n<\/div>\n<\/div>\n<\/div>\n<p>[\/vc_column_text][\/vc_column][vc_column width=\u00bb1\/3&#8243;][\/vc_column][vc_column width=\u00bb1\/3&#8243;][\/vc_column][\/vc_row][vc_row full_width=\u00bbstretch_row\u00bb css=\u00bb.vc_custom_1586752043779{background-color: #c94a37 !important;}\u00bb][vc_column][vc_empty_space height=\u00bb20&#8243;][\/vc_column][\/vc_row][vc_row full_width=\u00bbstretch_row\u00bb css=\u00bb.vc_custom_1586751848449{background-color: #c94a37 !important;}\u00bb][vc_column width=\u00bb1\/3&#8243;]<div class=\"flat_box\"><a href=\"http:\/\/agenciafan.com.ar\/2016\/portfolio\/#im\" ><div class=\"photo_wrapper\"><div class=\"icon themebg\" ><i class=\"icon-params-line\"><\/i><\/div><img loading=\"lazy\" decoding=\"async\" class=\"photo scale-with-grid\" src=\"http:\/\/agenciafan.com.ar\/2016\/wp-content\/uploads\/2014\/11\/imagen.jpg\" alt=\"\" width=\"780\" height=\"367\"\/><\/div><div class=\"desc_wrapper\"><h4>Imagen de Marca<\/h4><\/div><\/a><\/div>\n[\/vc_column][vc_column width=\u00bb1\/3&#8243;]<div class=\"flat_box\"><a href=\"http:\/\/agenciafan.com.ar\/2016\/portfolio\/#cd\" ><div class=\"photo_wrapper\"><div class=\"icon themebg\" ><i class=\"icon-rocket\"><\/i><\/div><img loading=\"lazy\" decoding=\"async\" class=\"photo scale-with-grid\" src=\"http:\/\/agenciafan.com.ar\/2016\/wp-content\/uploads\/2014\/11\/contenido2.jpg\" alt=\"\" width=\"780\" height=\"367\"\/><\/div><div class=\"desc_wrapper\"><h4>Contenido Digital<\/h4><\/div><\/a><\/div>\n[\/vc_column][vc_column width=\u00bb1\/3&#8243;]<div class=\"flat_box\"><a href=\"http:\/\/agenciafan.com.ar\/2016\/portfolio\/#wm\" ><div class=\"photo_wrapper\"><div class=\"icon themebg\" ><i class=\"icon-upload-cloud\"><\/i><\/div><img loading=\"lazy\" decoding=\"async\" class=\"photo scale-with-grid\" src=\"http:\/\/agenciafan.com.ar\/2016\/wp-content\/uploads\/2014\/11\/003.jpg\" alt=\"\" width=\"780\" height=\"367\"\/><\/div><div class=\"desc_wrapper\"><h4>Web Media<\/h4><\/div><\/a><\/div>\n[\/vc_column][\/vc_row][vc_row full_width=\u00bbstretch_row\u00bb css=\u00bb.vc_custom_1660274077343{background-color: #c94a37 !important;}\u00bb][vc_column][vc_empty_space height=\u00bb150&#8243;][\/vc_column][\/vc_row][vc_row full_width=\u00bbstretch_row\u00bb css=\u00bb.vc_custom_1660274121685{background-color: #e8e8e8 !important;}\u00bb el_id=\u00bbcontacto\u00bb][vc_column width=\u00bb1\/3&#8243;][vc_empty_space height=\u00bb150&#8243;][\/vc_column][vc_column width=\u00bb1\/3&#8243;][\/vc_column][vc_column width=\u00bb1\/3&#8243;][\/vc_column][\/vc_row][vc_row full_width=\u00bbstretch_row\u00bb css=\u00bb.vc_custom_1660273977732{background-color: #e8e8e8 !important;}\u00bb][vc_column width=\u00bb1\/3&#8243;][vc_column_text css_animation=\u00bbtop-to-bottom\u00bb]<\/p>\n<h2>Comunicate<\/h2>\n<p>[\/vc_column_text][\/vc_column][vc_column width=\u00bb1\/3&#8243;][\/vc_column][vc_column width=\u00bb1\/3&#8243;][\/vc_column][\/vc_row][vc_row full_width=\u00bbstretch_row\u00bb css=\u00bb.vc_custom_1586830783030{background-color: #e8e8e8 !important;}\u00bb][vc_column width=\u00bb1\/3&#8243;][vc_gmaps link=\u00bb#E-8_JTNDaWZyYW1lJTIwc3JjJTNEJTIyaHR0cHMlM0ElMkYlMkZ3d3cuZ29vZ2xlLmNvbSUyRm1hcHMlMkZlbWJlZCUzRnBiJTNEJTIxMW0xNCUyMTFtOCUyMTFtMyUyMTFkMTMzOTMuMjYyMDYyNTY5OTMxJTIxMmQtNjAuNjUyOTM2NTg4NzAzNzQlMjEzZC0zMi45NDI2NzgyOTk4ODg2OCUyMTNtMiUyMTFpMTAyNCUyMTJpNzY4JTIxNGYxMy4xJTIxM20zJTIxMW0yJTIxMXMweDAlMjUzQTB4Zjc3ZDg2ZDFkZjM5MTUzZCUyMTJzQUdFTkNJQSUyNTIwRkFOJTIxNWUwJTIxM20yJTIxMXNlcy00MTklMjEyc2FyJTIxNHYxNTg2NDcxMzYyOTU4JTIxNW0yJTIxMXNlcy00MTklMjEyc2FyJTIyJTIwd2lkdGglM0QlMjIzNTAlMjIlMjBoZWlnaHQlM0QlMjI0MDAlMjIlMjBmcmFtZWJvcmRlciUzRCUyMjAlMjIlMjBzdHlsZSUzRCUyMmJvcmRlciUzQTAlM0IlMjIlMjBhbGxvd2Z1bGxzY3JlZW4lM0QlMjIlMjIlMjBhcmlhLWhpZGRlbiUzRCUyMmZhbHNlJTIyJTIwdGFiaW5kZXglM0QlMjIwJTIyJTNFJTNDJTJGaWZyYW1lJTNF\u00bb css=\u00bb.vc_custom_1586829974530{background-color: #cdd6d2 !important;}\u00bb][\/vc_column][vc_column width=\u00bb1\/3&#8243;][vc_column_text css_animation=\u00bbtop-to-bottom\u00bb]<\/p>\n<h4 style=\"text-align: left;\"><span style=\"color: #666666;\">Bv. Oro\u00f1o 715 &#8211; Rosario<\/span><br \/>\n<span style=\"color: #666666;\">Tel \/\/ <\/span><span style=\"color: #666666;\">wsp: 3413211722<br \/>\n<\/span><\/h4>\n<p>[\/vc_column_text][\/vc_column][vc_column width=\u00bb1\/3&#8243;][vc_single_image image=\u00bb791&#8243; img_size=\u00bb400&#215;500&#8243; alignment=\u00bbright\u00bb css_animation=\u00bbtop-to-bottom\u00bb][\/vc_column][\/vc_row][vc_row full_width=\u00bbstretch_row\u00bb content_placement=\u00bbmiddle\u00bb css=\u00bb.vc_custom_1586830796586{background-color: #e8e8e8 !important;}\u00bb][vc_column width=\u00bb1\/3&#8243;][\/vc_column][vc_column width=\u00bb1\/3&#8243;]<div class=\"fancy_heading fancy_heading_line\"><span class=\"slogan\">SEGUINOS EN LAS REDES<\/span><\/div>\n[vc_column_text]<\/p>\n<p style=\"text-align: right;\"><b>[DISPLAY_ULTIMATE_SOCIAL_ICONS]<\/b><\/p>\n<p>[\/vc_column_text][vc_empty_space height=\u00bb100&#8243;][\/vc_column][vc_column width=\u00bb1\/3&#8243;][\/vc_column][\/vc_row]<\/p>\n","protected":false},"excerpt":{"rendered":"<p>[vc_row full_width=\u00bbstretch_row\u00bb parallax=\u00bbcontent-moving-fade\u00bb parallax_image=\u00bb705&#8243; parallax_speed_bg=\u00bb1.6&#8243; el_id=\u00bbx\u00bb][vc_column width=\u00bb1\/2&#8243;][vc_empty_space height=\u00bb128px\u00bb][vc_column_text css_animation=\u00bbtop-to-bottom\u00bb] Nuestras Creencias nos define. \u00a0 Actuamos en consecuencia, creemos en la tecnolog\u00eda y como nos conectan en [&hellip;]<\/p>\n","protected":false},"author":2,"featured_media":0,"parent":0,"menu_order":0,"comment_status":"open","ping_status":"open","template":"","meta":{"footnotes":""},"class_list":["post-48","page","type-page","status-publish","hentry"],"_links":{"self":[{"href":"http:\/\/agenciafan.com.ar\/2016\/wp-json\/wp\/v2\/pages\/48","targetHints":{"allow":["GET"]}}],"collection":[{"href":"http:\/\/agenciafan.com.ar\/2016\/wp-json\/wp\/v2\/pages"}],"about":[{"href":"http:\/\/agenciafan.com.ar\/2016\/wp-json\/wp\/v2\/types\/page"}],"author":[{"embeddable":true,"href":"http:\/\/agenciafan.com.ar\/2016\/wp-json\/wp\/v2\/users\/2"}],"replies":[{"embeddable":true,"href":"http:\/\/agenciafan.com.ar\/2016\/wp-json\/wp\/v2\/comments?post=48"}],"version-history":[{"count":362,"href":"http:\/\/agenciafan.com.ar\/2016\/wp-json\/wp\/v2\/pages\/48\/revisions"}],"predecessor-version":[{"id":947,"href":"http:\/\/agenciafan.com.ar\/2016\/wp-json\/wp\/v2\/pages\/48\/revisions\/947"}],"wp:attachment":[{"href":"http:\/\/agenciafan.com.ar\/2016\/wp-json\/wp\/v2\/media?parent=48"}],"curies":[{"name":"wp","href":"https:\/\/api.w.org\/{rel}","templated":true}]}}